{"id":14,"date":"2018-10-20T18:55:22","date_gmt":"2018-10-20T18:55:22","guid":{"rendered":"https:\/\/leonyvane.com\/?page_id=14"},"modified":"2021-04-25T21:31:18","modified_gmt":"2021-04-25T19:31:18","slug":"inicio","status":"publish","type":"page","link":"https:\/\/leonyvane.com\/","title":{"rendered":"\u00a1Nos casamos, el retorno&#8230;!"},"content":{"rendered":"<blockquote>\n<p>Esperamos que se\u00e1is vosotros quienes nos ayud\u00e9is a poner el broche a ese d\u00eda. <strong>El nuevo intento de celetrabci\u00f3n, ser\u00e1 el 23\/04\/2022 \ud83d\ude09<\/strong><\/p>\n<\/blockquote>\n\n\n<figure class=\"wp-block-embed aligncenter is-type-video is-provider-youtube wp-block-embed-youtube wp-embed-aspect-16-9 wp-has-aspect-ratio\"><div class=\"wp-block-embed__wrapper\">\n<span class=\"embed-youtube\" style=\"text-align:center; display: block;\"><iframe loading=\"lazy\" class=\"youtube-player\" width=\"840\" height=\"473\" src=\"https:\/\/www.youtube.com\/embed\/uDwuMG-YHLQ?version=3&#038;rel=1&#038;showsearch=0&#038;showinfo=1&#038;iv_load_policy=1&#038;fs=1&#038;hl=es-ES&#038;autohide=2&#038;wmode=transparent\" allowfullscreen=\"true\" style=\"border:0;\" sandbox=\"allow-scripts allow-same-origin allow-popups allow-presentation\"><\/iframe><\/span>\n<\/div><\/figure>\n","protected":false},"excerpt":{"rendered":"<p>Esperamos que se\u00e1is vosotros quienes nos ayud\u00e9is a poner el broche a ese d\u00eda. El nuevo intento de celetrabci\u00f3n, ser\u00e1 el 23\/04\/2022 \ud83d\ude09<\/p>\n","protected":false},"author":1,"featured_media":0,"parent":0,"menu_order":0,"comment_status":"closed","ping_status":"closed","template":"","meta":{"jetpack_post_was_ever_published":false},"jetpack_shortlink":"https:\/\/wp.me\/PaomVK-e","_links":{"self":[{"href":"https:\/\/leonyvane.com\/index.php\/wp-json\/wp\/v2\/pages\/14"}],"collection":[{"href":"https:\/\/leonyvane.com\/index.php\/wp-json\/wp\/v2\/pages"}],"about":[{"href":"https:\/\/leonyvane.com\/index.php\/wp-json\/wp\/v2\/types\/page"}],"author":[{"embeddable":true,"href":"https:\/\/leonyvane.com\/index.php\/wp-json\/wp\/v2\/users\/1"}],"replies":[{"embeddable":true,"href":"https:\/\/leonyvane.com\/index.php\/wp-json\/wp\/v2\/comments?post=14"}],"version-history":[{"count":11,"href":"https:\/\/leonyvane.com\/index.php\/wp-json\/wp\/v2\/pages\/14\/revisions"}],"predecessor-version":[{"id":448,"href":"https:\/\/leonyvane.com\/index.php\/wp-json\/wp\/v2\/pages\/14\/revisions\/448"}],"wp:attachment":[{"href":"https:\/\/leonyvane.com\/index.php\/wp-json\/wp\/v2\/media?parent=14"}],"curies":[{"name":"wp","href":"https:\/\/api.w.org\/{rel}","templated":true}]}}