{"id":15,"date":"2018-10-20T18:55:22","date_gmt":"2018-10-20T18:55:22","guid":{"rendered":"https:\/\/leonyvane.com\/?page_id=15"},"modified":"2019-11-10T11:50:16","modified_gmt":"2019-11-10T10:50:16","slug":"los_novios","status":"publish","type":"page","link":"https:\/\/leonyvane.com\/index.php\/los_novios\/","title":{"rendered":"\u00bfQui\u00e9nes somos?"},"content":{"rendered":"<p>Somos Vanessa y Le\u00f3n, nacidos en un gran a\u00f1o, 1987.<\/p>\n<p>En ese a\u00f1o sucedieron cosas maravillosas, por ejemplo:<\/p>\n<ul>\n<li>24 de febrero: se observa la formaci\u00f3n de la supernova SN 1987A.<\/li>\n<li>17 de marzo: primera entrega de los premios Goya.<\/li>\n<li>19 de abril: se emite por primera vez en Estados Unidos la serie de animaci\u00f3n Los Simpson como espacio dentro del Tracey Ullman Show.<\/li>\n<li>En Estados Unidos se crea la banda de grunge Nirvana.<\/li>\n<li>En M\u00e9xico se forma la banda de Pop rock Man\u00e1.<\/li>\n<li>Y no menos importante, nacimos nosotros \ud83e\udd14<\/li>\n<\/ul>\n<hr \/>\n<p style=\"text-align: center;\">Nuestra tierna infancia:<\/p>\n<figure id=\"attachment_165\" aria-describedby=\"caption-attachment-165\" style=\"width: 220px\" class=\"wp-caption aligncenter\"><a href=\"https:\/\/i0.wp.com\/leonyvane.com\/wp-content\/uploads\/2018\/10\/1711_39944508252_6040_n.jpg?ssl=1\" target=\"_blank\" rel=\"noopener noreferrer\"><img decoding=\"async\" loading=\"lazy\" class=\"wp-image-165 \" src=\"https:\/\/i0.wp.com\/leonyvane.com\/wp-content\/uploads\/2018\/10\/1711_39944508252_6040_n.jpg?resize=220%2C172&#038;ssl=1\" alt=\"\" width=\"220\" height=\"172\" srcset=\"https:\/\/i0.wp.com\/leonyvane.com\/wp-content\/uploads\/2018\/10\/1711_39944508252_6040_n.jpg?resize=300%2C235&amp;ssl=1 300w, https:\/\/i0.wp.com\/leonyvane.com\/wp-content\/uploads\/2018\/10\/1711_39944508252_6040_n.jpg?w=500&amp;ssl=1 500w\" sizes=\"(max-width: 220px) 85vw, 220px\" data-recalc-dims=\"1\" \/><\/a><figcaption id=\"caption-attachment-165\" class=\"wp-caption-text\">Vanessa de peque\u00f1ita<\/figcaption><\/figure>\n<figure id=\"attachment_310\" aria-describedby=\"caption-attachment-310\" style=\"width: 229px\" class=\"wp-caption aligncenter\"><a href=\"https:\/\/i0.wp.com\/leonyvane.com\/wp-content\/uploads\/2019\/11\/WhatsApp-Image-2019-11-09-at-15.29.101.jpeg?ssl=1\" target=\"_blank\" rel=\"noopener noreferrer\"><img decoding=\"async\" loading=\"lazy\" class=\"wp-image-310 size-medium\" src=\"https:\/\/i0.wp.com\/leonyvane.com\/wp-content\/uploads\/2019\/11\/WhatsApp-Image-2019-11-09-at-15.29.101.jpeg?resize=229%2C300&#038;ssl=1\" alt=\"\" width=\"229\" height=\"300\" srcset=\"https:\/\/i0.wp.com\/leonyvane.com\/wp-content\/uploads\/2019\/11\/WhatsApp-Image-2019-11-09-at-15.29.101.jpeg?resize=229%2C300&amp;ssl=1 229w, https:\/\/i0.wp.com\/leonyvane.com\/wp-content\/uploads\/2019\/11\/WhatsApp-Image-2019-11-09-at-15.29.101.jpeg?resize=768%2C1004&amp;ssl=1 768w, https:\/\/i0.wp.com\/leonyvane.com\/wp-content\/uploads\/2019\/11\/WhatsApp-Image-2019-11-09-at-15.29.101.jpeg?w=783&amp;ssl=1 783w\" sizes=\"(max-width: 229px) 85vw, 229px\" data-recalc-dims=\"1\" \/><\/a><figcaption id=\"caption-attachment-310\" class=\"wp-caption-text\">Le\u00f3n de peque\u00f1ito<\/figcaption><\/figure>\n","protected":false},"excerpt":{"rendered":"<p>Somos Vanessa y Le\u00f3n, nacidos en un gran a\u00f1o, 1987. En ese a\u00f1o sucedieron cosas maravillosas, por ejemplo: 24 de febrero: se observa la formaci\u00f3n de la supernova SN 1987A. 17 de marzo: primera entrega de los premios Goya. 19 de abril: se emite por primera vez en Estados Unidos la serie de animaci\u00f3n Los &hellip; <a href=\"https:\/\/leonyvane.com\/index.php\/los_novios\/\" class=\"more-link\">Continuar leyendo<span class=\"screen-reader-text\"> \u00ab\u00bfQui\u00e9nes somos?\u00bb<\/span><\/a><\/p>\n","protected":false},"author":1,"featured_media":112,"parent":0,"menu_order":0,"comment_status":"closed","ping_status":"closed","template":"","meta":{"jetpack_post_was_ever_published":false},"jetpack_shortlink":"https:\/\/wp.me\/PaomVK-f","_links":{"self":[{"href":"https:\/\/leonyvane.com\/index.php\/wp-json\/wp\/v2\/pages\/15"}],"collection":[{"href":"https:\/\/leonyvane.com\/index.php\/wp-json\/wp\/v2\/pages"}],"about":[{"href":"https:\/\/leonyvane.com\/index.php\/wp-json\/wp\/v2\/types\/page"}],"author":[{"embeddable":true,"href":"https:\/\/leonyvane.com\/index.php\/wp-json\/wp\/v2\/users\/1"}],"replies":[{"embeddable":true,"href":"https:\/\/leonyvane.com\/index.php\/wp-json\/wp\/v2\/comments?post=15"}],"version-history":[{"count":16,"href":"https:\/\/leonyvane.com\/index.php\/wp-json\/wp\/v2\/pages\/15\/revisions"}],"predecessor-version":[{"id":312,"href":"https:\/\/leonyvane.com\/index.php\/wp-json\/wp\/v2\/pages\/15\/revisions\/312"}],"wp:featuredmedia":[{"embeddable":true,"href":"https:\/\/leonyvane.com\/index.php\/wp-json\/wp\/v2\/media\/112"}],"wp:attachment":[{"href":"https:\/\/leonyvane.com\/index.php\/wp-json\/wp\/v2\/media?parent=15"}],"curies":[{"name":"wp","href":"https:\/\/api.w.org\/{rel}","templated":true}]}}